{"id":152,"date":"2023-04-14T12:02:43","date_gmt":"2023-04-14T18:02:43","guid":{"rendered":"http:\/\/import.getbowtied.com\/theretailerpro\/?page_id=152"},"modified":"2025-02-09T17:05:39","modified_gmt":"2025-02-09T23:05:39","slug":"pagina-de-inicio","status":"publish","type":"page","link":"https:\/\/klahr.online\/","title":{"rendered":"P\u00e1gina De Inicio"},"content":{"rendered":"<div class=\"vce-row-container\"><div class=\"vce-row vce-row--col-gap-30 vce-row-equal-height vce-row-content--top\" data-vce-full-width=\"true\" data-vce-stretch-content=\"true\" id=\"el-5b9caee2\" data-vce-do-apply=\"all el-5b9caee2\"><div class=\"vce-content-background-container\"><\/div><div class=\"vce-row-content\" data-vce-element-content=\"true\"><div class=\"vce-col vce-col--md-50p vce-col--xs-1 vce-col--xs-last vce-col--xs-first vce-col--sm-last vce-col--sm-first vce-col--md-first vce-col--lg-first vce-col--xl-first\" id=\"el-a4665e28\"><div class=\"vce-col-inner\" data-vce-do-apply=\"border margin background  el-a4665e28\"><div class=\"vce-col-content\" data-vce-element-content=\"true\" data-vce-do-apply=\"padding el-a4665e28\"><section class=\"vce-hero-section-container vce-hero-section-media--xs vce-hero-section-media--sm\"><div style='background-image: url(\"https:\/\/klahr.online\/wp-content\/uploads\/2024\/07\/DSC_0574-1-scaled.jpg\");'  class=\"vce vce-hero-section\" id=\"el-ea8c485d\" data-vce-background-image-all=\"https:\/\/klahr.online\/wp-content\/uploads\/2024\/07\/DSC_0574-1-scaled.jpg\" data-vce-background-image=\"all\"  data-vce-do-apply=\"margin background border  el-ea8c485d\"><div class=\"vce-hero-section--wrap-row\"><div class=\"vce-hero-section--wrap\"><div class=\"vce-hero-section--content\" data-vce-do-apply=\"padding el-ea8c485d\"><div class=\"vce-hero-section--content-container\"><h1 style=\"color: #fcc; text-align: center;\"><span style=\"font-family: Anuphan; color: #ffffff;\">Pulsera de Oro laminado 22k<\/span><\/h1>\r\n<p>&nbsp;<\/p>\r\n<p style=\"color: #aaa; text-align: center;\"><span style=\"color: #ffffff; font-family: Anuphan;\">Conoce nuestra amplia selecci\u00f3n con la mejor calidad.<\/span><\/p><\/div><div class=\"vce-button--style-basic-container vce-button--style-basic-container--align-center\"><span class=\"vce-button--style-basic-wrapper vce\" id=\"el-979c9844\" data-vce-do-apply=\"margin el-979c9844\"><a class=\"vce-button vce-button--style-basic vce-button--style-basic--border-square vce-button--style-basic--size-medium vce-button--style-basic--color-b-255-255-255--b-255-255-255\" href=\"https:\/\/klahr.online\/index.php\/categoria-producto\/pulsera\/\" title=\"\" data-vce-do-apply=\"padding border background  el-979c9844\">Ver m\u00e1s<\/a><\/span><\/div><\/div><\/div><\/div><\/div><\/section><\/div><\/div><\/div><div class=\"vce-col vce-col--md-50p vce-col--xs-1 vce-col--xs-last vce-col--xs-first vce-col--sm-last vce-col--sm-first vce-col--md-last vce-col--lg-last vce-col--xl-last\" id=\"el-5c5cfbac\"><div class=\"vce-col-inner\" data-vce-do-apply=\"border margin background  el-5c5cfbac\"><div class=\"vce-col-content\" data-vce-element-content=\"true\" data-vce-do-apply=\"padding el-5c5cfbac\"><section class=\"vce-hero-section-container vce-hero-section-media--xs vce-hero-section-media--sm\"><div style='background-image: url(\"https:\/\/klahr.online\/wp-content\/uploads\/2024\/07\/IMG_20230730_202420-scaled.jpg\");'  class=\"vce vce-hero-section\" id=\"el-afacc05a\" data-vce-background-image-xl=\"https:\/\/klahr.online\/wp-content\/uploads\/2024\/07\/IMG_20230730_202420-scaled.jpg\" data-vce-background-image-lg=\"https:\/\/klahr.online\/wp-content\/uploads\/2024\/05\/MG_7384-scaled.jpeg\" data-vce-background-image-md=\"https:\/\/klahr.online\/wp-content\/uploads\/2024\/05\/MG_7384-scaled.jpeg\" data-vce-background-image-sm=\"https:\/\/klahr.online\/wp-content\/uploads\/2024\/05\/MG_7384-scaled.jpeg\" data-vce-background-image-xs=\"https:\/\/klahr.online\/wp-content\/uploads\/2024\/05\/MG_7384-scaled.jpeg\" data-vce-background-image=\"xl,lg,md,sm,xs\"  data-vce-do-apply=\"margin background border  el-afacc05a\"><div class=\"vce-hero-section--wrap-row\"><div class=\"vce-hero-section--wrap\"><div class=\"vce-hero-section--content\" data-vce-do-apply=\"padding el-afacc05a\"><div class=\"vce-hero-section--content-container\"><h1><span style=\"font-family: Anuphan; color: #ffffff;\">Aretes de oro laminado 22k<\/span><\/h1>\r\n<p>&nbsp;<\/p>\r\n<p style=\"color: #fff; text-align: center;\"><span style=\"font-family: Anuphan;\">Contamos con una gran selecci\u00f3n de piezas hechas en M\u00e9xico.<\/span><\/p><\/div><div class=\"vce-button--style-basic-container vce-button--style-basic-container--align-center\"><span class=\"vce-button--style-basic-wrapper vce\" id=\"el-b72741e4\" data-vce-do-apply=\"margin el-b72741e4\"><a class=\"vce-button vce-button--style-basic vce-button--style-basic--border-square vce-button--style-basic--size-medium vce-button--style-basic--color-b-255-255-255--fff\" href=\"https:\/\/klahr.online\/index.php\/categoria-producto\/arracada\/\" title=\"\" data-vce-do-apply=\"padding border background  el-b72741e4\">Ver m\u00e1s<\/a><\/span><\/div><\/div><\/div><\/div><\/div><\/section><\/div><\/div><\/div><\/div><\/div><\/div><div class=\"vce-row-container\"><div class=\"vce-row vce-row--col-gap-30 vce-row-equal-height vce-row-content--top\" data-vce-full-width=\"true\" data-vce-stretch-content=\"true\" id=\"el-b4b02017\" data-vce-do-apply=\"all el-b4b02017\"><div class=\"vce-row-content\" data-vce-element-content=\"true\"><div class=\"vce-col vce-col--md-auto vce-col--xs-1 vce-col--xs-last vce-col--xs-first vce-col--sm-last vce-col--sm-first vce-col--md-last vce-col--lg-last vce-col--xl-last vce-col--md-first vce-col--lg-first vce-col--xl-first\" id=\"el-74b508e1\"><div class=\"vce-col-inner\" data-vce-do-apply=\"border margin background  el-74b508e1\"><div class=\"vce-col-content\" data-vce-element-content=\"true\" data-vce-do-apply=\"padding el-74b508e1\"><section class=\"vce-hero-section-container vce-hero-section-media--xs vce-hero-section-media--sm vce-hero-section-media--md vce-hero-section-media--lg vce-hero-section-media--xl\"><div style='background-image: url(\"https:\/\/klahr.online\/wp-content\/uploads\/2023\/04\/Untitled-177-scaled.jpg\");'  class=\"vce vce-hero-section vce-hero-section--alignment-end\" id=\"el-6c299264\" data-vce-background-image-all=\"https:\/\/klahr.online\/wp-content\/uploads\/2023\/04\/Untitled-177-scaled.jpg\" data-vce-background-image=\"all\"  data-vce-do-apply=\"margin background border  el-6c299264\"><div class=\"vce-hero-section--wrap-row\"><div class=\"vce-hero-section--wrap\"><div class=\"vce-hero-section--content\" data-vce-do-apply=\"padding el-6c299264\"><div class=\"vce-hero-section--content-container\"><h1 style=\"color: #ffffff; text-align: right;\"><span style=\"font-family: Anuphan; font-size: 42pt; color: #ffffff;\">Nuestros nuevos productos<\/span><\/h1><p style=\"color: #ffffff; text-align: right;\"><span style=\"font-family: Anuphan; color: #ffffff;\">Conoce la nueva colecci\u00f3n de joyas \u00fanicas y exclusivas&nbsp;<\/span><\/p><\/div><div class=\"vce-button--style-basic-container vce-button--style-basic-container--align-right\"><span class=\"vce-button--style-basic-wrapper vce\" id=\"el-da1a90b7\" data-vce-do-apply=\"margin el-da1a90b7\"><a class=\"vce-button vce-button--style-basic vce-button--style-basic--border-square vce-button--style-basic--size-medium vce-button--style-basic--color-b-255-255-255--b-255-255-255 vce-button--style-basic--hover-color-b-255-255-255--fff\" href=\"https:\/\/klahr.online\/index.php\/tienda-2\/\" title=\"\" data-vce-do-apply=\"padding border background  el-da1a90b7\">Ver m\u00e1s<\/a><\/span><\/div><\/div><\/div><\/div><\/div><\/section><\/div><\/div><\/div><\/div><\/div><\/div><div class=\"vce-row-container\"><div class=\"vce-row vce-row--col-gap-30 vce-row-equal-height vce-row-content--top\" data-vce-full-width=\"true\" data-vce-stretch-content=\"true\" id=\"el-2ceb9afd\" data-vce-do-apply=\"all el-2ceb9afd\"><div class=\"vce-content-background-container\"><\/div><div class=\"vce-row-content\" data-vce-element-content=\"true\"><div class=\"vce-col vce-col--md-auto vce-col--xs-1 vce-col--xs-last vce-col--xs-first vce-col--sm-last vce-col--sm-first vce-col--md-last vce-col--lg-last vce-col--xl-last vce-col--md-first vce-col--lg-first vce-col--xl-first\" id=\"el-4473f4e1\"><div class=\"vce-col-inner\" data-vce-do-apply=\"border margin background  el-4473f4e1\"><div class=\"vce-col-content\" data-vce-element-content=\"true\" data-vce-do-apply=\"padding el-4473f4e1\"><section class=\"vce-hero-section-container vce-hero-section-media--xs vce-hero-section-media--sm vce-hero-section-media--md vce-hero-section-media--lg vce-hero-section-media--xl\"><div style='background-image: url(\"https:\/\/klahr.online\/wp-content\/uploads\/2023\/05\/MG_1649-scaled.jpg\");'  class=\"vce vce-hero-section\" id=\"el-57112d27\" data-vce-background-image-all=\"https:\/\/klahr.online\/wp-content\/uploads\/2023\/05\/MG_1649-scaled.jpg\" data-vce-background-image=\"all\"  data-vce-do-apply=\"margin background border  el-57112d27\"><div class=\"vce-hero-section--wrap-row\"><div class=\"vce-hero-section--wrap\"><div class=\"vce-hero-section--content\" data-vce-do-apply=\"padding el-57112d27\"><div class=\"vce-hero-section--content-container\"><h1><span style=\"font-size: 42pt;\"><span style=\"color: #333333; font-family: Anuphan;\">Ordena por C\u00e1talogo<\/span><\/span><\/h1>\r\n<p>&nbsp;<\/p>\r\n<p><span style=\"font-size: 14pt; color: #333333; font-family: Anuphan;\">Sum\u00e9rgete en&nbsp; la exuberancia de M\u00e9xico con nuestro \u201cCat\u00e1logo de Lanzamiento\u201d de Joyer\u00edas Klahr.&nbsp;<\/span><\/p><\/div><div class=\"vce-button--style-basic-container vce-button--style-basic-container--align-center\"><span class=\"vce-button--style-basic-wrapper vce\" id=\"el-2156644b\" data-vce-do-apply=\"margin el-2156644b\"><a class=\"vce-button vce-button--style-basic vce-button--style-basic--border-square vce-button--style-basic--size-medium vce-button--style-basic--color-b-255-255-255--b-255-255-255\" href=\"https:\/\/klahr.online\/index.php\/ordena-por-catalogo\/\" title=\"\" data-vce-do-apply=\"padding border background  el-2156644b\">Entrar al cat\u00e1logo<\/a><\/span><\/div><\/div><\/div><\/div><\/div><\/section><section class=\"vce-feature-section-container vce-feature-section-media--xs\"><div class=\"vce vce-feature-section vce-feature-section--min-height\" id=\"el-9c350c0e\" data-vce-do-apply=\"margin border animation backgroundColor el-9c350c0e\"><div style='background-image: url(\"https:\/\/klahr.online\/wp-content\/uploads\/2024\/05\/MG_7200-scaled.jpeg\");'  class=\"vce-feature-section-image vce-feature-section-image--alignment-left\" data-vce-background-image-all=\"https:\/\/klahr.online\/wp-content\/uploads\/2024\/05\/MG_7200-scaled.jpeg\" data-vce-background-image=\"all\"  data-vce-do-apply=\"backgroundImage el-9c350c0e\"><\/div><div class=\"vce-feature-section-content\"><div class=\"vce-feature-section-content-container\" data-vce-do-apply=\"padding el-9c350c0e\"><div class=\"vce-feature-section-description\"><header class=\"entry-header\"><h1 class=\"entry-title\" style=\"text-align: right;\"><span style=\"color: #000000; font-family: Anuphan;\">Sobre Nosotros<\/span><\/h1><\/header><div class=\"entry-content\"><p style=\"text-align: right;\"><span style=\"color: #000000; font-family: Anuphan;\"><a style=\"color: #000000;\" href=\"https:\/\/www.instagram.com\/joyerias_klahr\/\">Joyer\u00edas Klahr<\/a>&nbsp;es una empresa que ha estado en el mercado del dise\u00f1o y venta de productos por m\u00e1s de 35 a\u00f1os.<\/span><\/p><p>&nbsp;<\/p><\/div><\/div><div class=\"vce-button--style-outline-container vce-button--style-outline-container--align-right\"><span class=\"vce-button--style-outline-wrapper vce\" id=\"el-28c532c4\" data-vce-do-apply=\"margin el-28c532c4\"><a class=\"vce-button vce-button--style-outline-animated vce-button--style-outline--border-square vce-button--style-outline--size-medium vce-button--style-outline-animated--color-b-255-255-255--b-255-255-255--3d3d3d vce-button--style-outline-animated--border-color-ba-0-0-0-0--3d3d3d vce-button--style-outline-animated--background-color-b-255-255-255\" href=\"https:\/\/klahr.online\/index.php\/sobre-nosotros\/\" title=\"\" data-vce-do-apply=\"padding border background  el-28c532c4\"><span class=\"vce-button--style-outline-text\">Ver m\u00e1s<\/span><\/a><\/span><\/div><\/div><\/div><\/div><\/section><\/div><\/div><\/div><\/div><\/div><\/div>\n","protected":false},"excerpt":{"rendered":"<p>Pulsera de Oro laminado 22k &nbsp; Conoce nuestra amplia selecci\u00f3n con la mejor calidad.Ver m\u00e1sAretes de oro laminado 22k &nbsp;\u2026<\/p>\n","protected":false},"author":2,"featured_media":0,"parent":0,"menu_order":0,"comment_status":"closed","ping_status":"closed","template":"","meta":{"om_disable_all_campaigns":false,"_monsterinsights_skip_tracking":false,"_monsterinsights_sitenote_active":false,"_monsterinsights_sitenote_note":"","_monsterinsights_sitenote_category":0,"_vp_format_video_url":"","_vp_image_focal_point":[],"footnotes":""},"class_list":["post-152","page","type-page","status-publish","hentry"],"aioseo_notices":[],"jetpack_sharing_enabled":true,"_links":{"self":[{"href":"https:\/\/klahr.online\/index.php\/wp-json\/wp\/v2\/pages\/152","targetHints":{"allow":["GET"]}}],"collection":[{"href":"https:\/\/klahr.online\/index.php\/wp-json\/wp\/v2\/pages"}],"about":[{"href":"https:\/\/klahr.online\/index.php\/wp-json\/wp\/v2\/types\/page"}],"author":[{"embeddable":true,"href":"https:\/\/klahr.online\/index.php\/wp-json\/wp\/v2\/users\/2"}],"replies":[{"embeddable":true,"href":"https:\/\/klahr.online\/index.php\/wp-json\/wp\/v2\/comments?post=152"}],"version-history":[{"count":98,"href":"https:\/\/klahr.online\/index.php\/wp-json\/wp\/v2\/pages\/152\/revisions"}],"predecessor-version":[{"id":1507,"href":"https:\/\/klahr.online\/index.php\/wp-json\/wp\/v2\/pages\/152\/revisions\/1507"}],"wp:attachment":[{"href":"https:\/\/klahr.online\/index.php\/wp-json\/wp\/v2\/media?parent=152"}],"curies":[{"name":"wp","href":"https:\/\/api.w.org\/{rel}","templated":true}]}}