{"id":258,"date":"2023-04-02T12:01:05","date_gmt":"2023-04-02T12:01:05","guid":{"rendered":"https:\/\/klahr.online\/?page_id=258"},"modified":"2023-04-02T12:01:06","modified_gmt":"2023-04-02T12:01:06","slug":"envios-y-devoluciones","status":"publish","type":"page","link":"https:\/\/klahr.online\/index.php\/envios-y-devoluciones\/","title":{"rendered":"Env\u00edos Y Devoluciones"},"content":{"rendered":"\n<h2 class=\"wp-block-heading\">\u00a1Bienvenido\/a a Klahr, nuestra tienda de joyas en l\u00ednea! Estamos encantados de poder ofrecerle una amplia variedad de joyas para que pueda encontrar lo que necesita de forma f\u00e1cil y c\u00f3moda desde su hogar.<\/h2>\n\n\n\n<p>Nos tomamos muy en serio la rapidez y la calidad de nuestros env\u00edos. Trabajamos con las mejores empresas de mensajer\u00eda para que sus pedidos lleguen a tiempo y en perfecto estado. Adem\u00e1s, ofrecemos diferentes opciones de env\u00edo para que pueda elegir la que mejor se adapte a sus necesidades.<\/p>\n\n\n\n<p>Los plazos de entrega var\u00edan seg\u00fan el destino y el tipo de env\u00edo seleccionado, pero siempre intentamos que lleguen lo antes posible. Una vez que hayamos tramitado su pedido, le proporcionaremos un n\u00famero de seguimiento para que pueda saber en todo momento d\u00f3nde se encuentra.<\/p>\n\n\n\n<p>Si tiene cualquier duda o problema con el env\u00edo, no dude en contactarnos a trav\u00e9s de nuestro servicio de atenci\u00f3n al cliente. Estaremos encantados de ayudarle en todo lo que necesite.<\/p>\n\n\n\n<p>Nos importa mucho que est\u00e9 satisfecho\/a con sus compras, por eso ofrecemos una pol\u00edtica de devoluciones flexible y sencilla. Si por alg\u00fan motivo no est\u00e1 completamente satisfecho\/a con su pedido, puede devolverlo en un plazo de 30 d\u00edas a partir de la fecha de recepci\u00f3n.<\/p>\n\n\n\n<p>Para hacer una devoluci\u00f3n, solo tiene que ponerse en contacto con nosotros a trav\u00e9s de nuestro servicio de atenci\u00f3n al cliente. Le proporcionaremos las instrucciones necesarias para que pueda devolver el producto en las mejores condiciones.<\/p>\n\n\n\n<p>Es importante que los productos se devuelvan en su embalaje original y en perfecto estado. Una vez que hayamos recibido y comprobado el producto devuelto, procederemos a reembolsarle el importe correspondiente.<\/p>\n\n\n\n<p>Si el producto lleg\u00f3 en mal estado o se produjo alg\u00fan error en el env\u00edo, no dude en contactarnos para que podamos solucionarlo de la mejor forma posible.<\/p>\n\n\n\n<p>Gracias por confiar en Klahr y esperamos que disfrute de su experiencia de compra de joyas en nuestra tienda en l\u00ednea.<\/p>\n","protected":false},"excerpt":{"rendered":"<p>\u00a1Bienvenido\/a a Klahr, nuestra tienda de joyas en l\u00ednea! Estamos encantados de poder ofrecerle una amplia variedad de joyas para\u2026<\/p>\n","protected":false},"author":1,"featured_media":0,"parent":0,"menu_order":0,"comment_status":"closed","ping_status":"closed","template":"","meta":{"om_disable_all_campaigns":false,"_monsterinsights_skip_tracking":false,"_monsterinsights_sitenote_active":false,"_monsterinsights_sitenote_note":"","_monsterinsights_sitenote_category":0,"_vp_format_video_url":"","_vp_image_focal_point":[],"footnotes":""},"class_list":["post-258","page","type-page","status-publish","hentry"],"aioseo_notices":[],"jetpack_sharing_enabled":true,"_links":{"self":[{"href":"https:\/\/klahr.online\/index.php\/wp-json\/wp\/v2\/pages\/258","targetHints":{"allow":["GET"]}}],"collection":[{"href":"https:\/\/klahr.online\/index.php\/wp-json\/wp\/v2\/pages"}],"about":[{"href":"https:\/\/klahr.online\/index.php\/wp-json\/wp\/v2\/types\/page"}],"author":[{"embeddable":true,"href":"https:\/\/klahr.online\/index.php\/wp-json\/wp\/v2\/users\/1"}],"replies":[{"embeddable":true,"href":"https:\/\/klahr.online\/index.php\/wp-json\/wp\/v2\/comments?post=258"}],"version-history":[{"count":1,"href":"https:\/\/klahr.online\/index.php\/wp-json\/wp\/v2\/pages\/258\/revisions"}],"predecessor-version":[{"id":259,"href":"https:\/\/klahr.online\/index.php\/wp-json\/wp\/v2\/pages\/258\/revisions\/259"}],"wp:attachment":[{"href":"https:\/\/klahr.online\/index.php\/wp-json\/wp\/v2\/media?parent=258"}],"curies":[{"name":"wp","href":"https:\/\/api.w.org\/{rel}","templated":true}]}}