{"id":270,"date":"2023-04-02T13:30:50","date_gmt":"2023-04-02T13:30:50","guid":{"rendered":"https:\/\/klahr.online\/?page_id=270"},"modified":"2024-07-28T13:19:01","modified_gmt":"2024-07-28T19:19:01","slug":"sobre-nosotros","status":"publish","type":"page","link":"https:\/\/klahr.online\/index.php\/sobre-nosotros\/","title":{"rendered":""},"content":{"rendered":"<div class=\"vce-row-container\"><div class=\"vce-row vce-row--col-gap-30 vce-row-equal-height vce-row-content--top\" data-vce-full-width=\"true\" data-vce-stretch-content=\"true\" id=\"el-779f3725\" data-vce-do-apply=\"all el-779f3725\"><div class=\"vce-content-background-container\"><\/div><div class=\"vce-row-content\" data-vce-element-content=\"true\"><div class=\"vce-col vce-col--md-auto vce-col--xs-1 vce-col--xs-last vce-col--xs-first vce-col--sm-last vce-col--sm-first vce-col--md-last vce-col--lg-last vce-col--xl-last vce-col--md-first vce-col--lg-first vce-col--xl-first\" id=\"el-00983250\"><div class=\"vce-col-inner\" data-vce-do-apply=\"border margin background  el-00983250\"><div class=\"vce-col-content\" data-vce-element-content=\"true\" data-vce-do-apply=\"padding el-00983250\"><section class=\"vce-feature-section-container vce-feature-section-media--xs\"><div class=\"vce vce-feature-section vce-feature-section--min-height\" id=\"el-45bbd682\" data-vce-do-apply=\"margin border animation backgroundColor el-45bbd682\"><div style='background-image: url(\"https:\/\/klahr.online\/wp-content\/uploads\/2024\/07\/IMG_20230730_202338-scaled.jpg\");'  class=\"vce-feature-section-image vce-feature-section-image--alignment-left\" data-vce-background-image-all=\"https:\/\/klahr.online\/wp-content\/uploads\/2024\/07\/IMG_20230730_202338-scaled.jpg\" data-vce-background-image=\"all\"  data-vce-do-apply=\"backgroundImage el-45bbd682\"><\/div><div class=\"vce-feature-section-content\"><div class=\"vce-feature-section-content-container\" data-vce-do-apply=\"padding el-45bbd682\"><div class=\"vce-feature-section-description\"><h1><span style=\"font-family: Anuphan; font-size: 42pt; color: #333333;\">Sobre Nosotros<\/span><\/h1>\n<p><span style=\"font-family: Anuphan; font-size: 18pt; color: #333333;\"><a style=\"color: #333333;\" href=\"https:\/\/www.instagram.com\/joyerias_klahr\/\">Joyer\u00edas Klahr<\/a>&nbsp;es una empresa que ha estado en el mercado del dise\u00f1o y venta de productos por m\u00e1s de 35 a\u00f1os.&nbsp;<\/span><\/p>\n<p class=\"wp-block-image aligncenter size-large is-resized\">&nbsp;<\/p><\/div><div class=\"\"><\/div><\/div><\/div><\/div><\/section><\/div><\/div><\/div><\/div><\/div><\/div><div class=\"vce-row-container\"><div class=\"vce-row vce-row--col-gap-30 vce-row-equal-height vce-row-content--top\" data-vce-full-width=\"true\" data-vce-stretch-content=\"true\" id=\"el-85c7b452\" data-vce-do-apply=\"all el-85c7b452\"><div class=\"vce-content-background-container\"><\/div><div class=\"vce-row-content\" data-vce-element-content=\"true\"><div class=\"vce-col vce-col--md-auto vce-col--xs-1 vce-col--xs-last vce-col--xs-first vce-col--sm-last vce-col--sm-first vce-col--md-last vce-col--lg-last vce-col--xl-last vce-col--md-first vce-col--lg-first vce-col--xl-first\" id=\"el-86378aa1\"><div class=\"vce-col-inner\" data-vce-do-apply=\"border margin background  el-86378aa1\"><div class=\"vce-col-content\" data-vce-element-content=\"true\" data-vce-do-apply=\"padding el-86378aa1\"><section class=\"vce-hero-section-container vce-hero-section-media--xs vce-hero-section-media--sm vce-hero-section-media--md vce-hero-section-media--lg vce-hero-section-media--xl\"><div style='background-image: url(\"https:\/\/klahr.online\/wp-content\/uploads\/2024\/07\/DSC_0574-1-scaled.jpg\");'  class=\"vce vce-hero-section\" id=\"el-b7b363a3\" data-vce-background-image-all=\"https:\/\/klahr.online\/wp-content\/uploads\/2024\/07\/DSC_0574-1-scaled.jpg\" data-vce-background-image=\"all\"  data-vce-do-apply=\"margin background border  el-b7b363a3\"><div class=\"vce-hero-section--wrap-row\"><div class=\"vce-hero-section--wrap\"><div class=\"vce-hero-section--content\" data-vce-do-apply=\"padding el-b7b363a3\"><div class=\"vce-hero-section--content-container\"><p><span style=\"font-family: Anuphan; font-size: 18pt;\">El origen del nombre Klahr proviene del apellido de los abuelos, que llegaron a M\u00e9xico en los a\u00f1os 40s de Polonia, y desde entonces dedicaron su vida a las letras y los negocios.<\/span><\/p><\/div><div class=\"\"><\/div><\/div><\/div><\/div><\/div><\/section><\/div><\/div><\/div><\/div><\/div><\/div><div class=\"vce-row-container\"><div class=\"vce-row vce-row--col-gap-30 vce-row-equal-height vce-row-content--top\" data-vce-full-width=\"true\" data-vce-stretch-content=\"true\" id=\"el-ecddfeaa\" data-vce-do-apply=\"all el-ecddfeaa\"><div class=\"vce-row-content\" data-vce-element-content=\"true\"><div class=\"vce-col vce-col--md-auto vce-col--xs-1 vce-col--xs-last vce-col--xs-first vce-col--sm-last vce-col--sm-first vce-col--md-last vce-col--lg-last vce-col--xl-last vce-col--md-first vce-col--lg-first vce-col--xl-first\" id=\"el-e9ced913\"><div class=\"vce-col-inner\" data-vce-do-apply=\"border margin background  el-e9ced913\"><div class=\"vce-col-content\" data-vce-element-content=\"true\" data-vce-do-apply=\"padding el-e9ced913\"><section class=\"vce-feature-section-container vce-feature-section-media--xs\"><div class=\"vce vce-feature-section vce-feature-section--min-height\" id=\"el-255cfe2e\" data-vce-do-apply=\"margin border animation backgroundColor el-255cfe2e\"><div style='background-image: url(\"https:\/\/klahr.online\/wp-content\/uploads\/2024\/07\/Screen-Shot-2024-07-28-at-11.47.53-e1722193435271.png\");'  class=\"vce-feature-section-image vce-feature-section-image--alignment-right\" data-vce-background-image-all=\"https:\/\/klahr.online\/wp-content\/uploads\/2024\/07\/Screen-Shot-2024-07-28-at-11.47.53-e1722193435271.png\" data-vce-background-image=\"all\"  data-vce-do-apply=\"backgroundImage el-255cfe2e\"><\/div><div class=\"vce-feature-section-content\"><div class=\"vce-feature-section-content-container\" data-vce-do-apply=\"padding el-255cfe2e\"><div class=\"vce-feature-section-description\"><p><span style=\"color: #000000; font-size: 18pt;\"><span style=\"font-family: Anuphan;\"><strong>Nuestra misi\u00f3n&nbsp;<\/strong>es joyas \u00fanicas y de alta calidad a precios asequibles. Proporcionar un servicio al cliente excepcional y personalizado. Ser un referente en el mercado de la joyer\u00eda, destacando por la innovaci\u00f3n y la creatividad.<\/span>&nbsp;<\/span><\/p>\n<p class=\"wp-block-image aligncenter is-resized\"><span style=\"font-family: Anuphan; color: #000000; font-size: 18pt;\"><strong>Sucursal en la central de autobuses ADO Xalapa, Veracruz (<a style=\"color: #000000;\" href=\"https:\/\/maps.app.goo.gl\/XS895h5iHybA8Mi5A\">ver en el mapa<\/a>)<\/strong><\/span><\/p><\/div><div class=\"\"><\/div><\/div><\/div><\/div><\/section><\/div><\/div><\/div><\/div><\/div><\/div>","protected":false},"excerpt":{"rendered":"<p>Sobre Nosotros Joyer\u00edas Klahr&nbsp;es una empresa que ha estado en el mercado del dise\u00f1o y venta de productos por m\u00e1s\u2026<\/p>\n","protected":false},"author":1,"featured_media":1521,"parent":0,"menu_order":0,"comment_status":"closed","ping_status":"closed","template":"","meta":{"om_disable_all_campaigns":false,"_monsterinsights_skip_tracking":false,"_monsterinsights_sitenote_active":false,"_monsterinsights_sitenote_note":"","_monsterinsights_sitenote_category":0,"_vp_format_video_url":"","_vp_image_focal_point":[],"footnotes":""},"class_list":["post-270","page","type-page","status-publish","has-post-thumbnail","hentry"],"aioseo_notices":[],"jetpack_sharing_enabled":true,"_links":{"self":[{"href":"https:\/\/klahr.online\/index.php\/wp-json\/wp\/v2\/pages\/270","targetHints":{"allow":["GET"]}}],"collection":[{"href":"https:\/\/klahr.online\/index.php\/wp-json\/wp\/v2\/pages"}],"about":[{"href":"https:\/\/klahr.online\/index.php\/wp-json\/wp\/v2\/types\/page"}],"author":[{"embeddable":true,"href":"https:\/\/klahr.online\/index.php\/wp-json\/wp\/v2\/users\/1"}],"replies":[{"embeddable":true,"href":"https:\/\/klahr.online\/index.php\/wp-json\/wp\/v2\/comments?post=270"}],"version-history":[{"count":15,"href":"https:\/\/klahr.online\/index.php\/wp-json\/wp\/v2\/pages\/270\/revisions"}],"predecessor-version":[{"id":1527,"href":"https:\/\/klahr.online\/index.php\/wp-json\/wp\/v2\/pages\/270\/revisions\/1527"}],"wp:featuredmedia":[{"embeddable":true,"href":"https:\/\/klahr.online\/index.php\/wp-json\/wp\/v2\/media\/1521"}],"wp:attachment":[{"href":"https:\/\/klahr.online\/index.php\/wp-json\/wp\/v2\/media?parent=270"}],"curies":[{"name":"wp","href":"https:\/\/api.w.org\/{rel}","templated":true}]}}