{"id":1831,"date":"2024-10-07T17:03:50","date_gmt":"2024-10-07T23:03:50","guid":{"rendered":"https:\/\/klahr.online\/?post_type=product&#038;p=1831"},"modified":"2024-10-07T17:13:37","modified_gmt":"2024-10-07T23:13:37","slug":"diente-tiburon-blanco","status":"publish","type":"product","link":"https:\/\/klahr.online\/index.php\/producto\/diente-tiburon-blanco\/","title":{"rendered":"Diente tibur\u00f3n blanco"},"content":{"rendered":"<p>Dije de plata 925. R\u00e9plica exacta de dientes de tibur\u00f3n blanco.<\/p>\n<p>Cadena de plata 925 largo 60cm de eslab\u00f3n 3 x 1.<\/p>\n<p>** Todos los elementos de esta pieza han sido elaborados con plata 925 y no contienen ning\u00fan material derivado de tiburones reales.<\/p>\n","protected":false},"excerpt":{"rendered":"<p>Dije de plata 925. R\u00e9plica exacta de dientes de tibur\u00f3n blanco.<\/p>\n<p>Cadena de plata 925 largo 60cm de eslab\u00f3n 3 x 1.<\/p>\n<p>** Todos los elementos de esta pieza han sido elaborados con plata 925 y no contienen ning\u00fan material derivado de tiburones reales.<\/p>\n","protected":false},"featured_media":1827,"template":"","meta":{"om_disable_all_campaigns":false,"_monsterinsights_skip_tracking":false,"_monsterinsights_sitenote_active":false,"_monsterinsights_sitenote_note":"","_monsterinsights_sitenote_category":0,"_vp_format_video_url":"","_vp_image_focal_point":[]},"product_brand":[],"product_cat":[490],"product_tag":[372,283],"class_list":{"0":"post-1831","1":"product","2":"type-product","3":"status-publish","4":"has-post-thumbnail","6":"product_cat-tiburones","7":"product_tag-juego","8":"product_tag-plata-925","10":"first","11":"instock","12":"taxable","13":"shipping-taxable","14":"purchasable","15":"product-type-simple"},"aioseo_notices":[],"jetpack_sharing_enabled":true,"_links":{"self":[{"href":"https:\/\/klahr.online\/index.php\/wp-json\/wp\/v2\/product\/1831","targetHints":{"allow":["GET"]}}],"collection":[{"href":"https:\/\/klahr.online\/index.php\/wp-json\/wp\/v2\/product"}],"about":[{"href":"https:\/\/klahr.online\/index.php\/wp-json\/wp\/v2\/types\/product"}],"wp:featuredmedia":[{"embeddable":true,"href":"https:\/\/klahr.online\/index.php\/wp-json\/wp\/v2\/media\/1827"}],"wp:attachment":[{"href":"https:\/\/klahr.online\/index.php\/wp-json\/wp\/v2\/media?parent=1831"}],"wp:term":[{"taxonomy":"product_brand","embeddable":true,"href":"https:\/\/klahr.online\/index.php\/wp-json\/wp\/v2\/product_brand?post=1831"},{"taxonomy":"product_cat","embeddable":true,"href":"https:\/\/klahr.online\/index.php\/wp-json\/wp\/v2\/product_cat?post=1831"},{"taxonomy":"product_tag","embeddable":true,"href":"https:\/\/klahr.online\/index.php\/wp-json\/wp\/v2\/product_tag?post=1831"}],"curies":[{"name":"wp","href":"https:\/\/api.w.org\/{rel}","templated":true}]}}