{"id":379,"date":"2023-04-27T09:43:13","date_gmt":"2023-04-27T14:43:13","guid":{"rendered":"https:\/\/klahr.online\/?post_type=product&#038;p=379"},"modified":"2025-02-09T17:48:20","modified_gmt":"2025-02-09T23:48:20","slug":"juego-de-plata-925-tortugas","status":"publish","type":"product","link":"https:\/\/klahr.online\/index.php\/producto\/juego-de-plata-925-tortugas\/","title":{"rendered":"Juego de plata 925 tortugas"},"content":{"rendered":"<p>Un juego de plata 925 de tortugas generalmente incluir\u00eda aretes y un dije. Los aretes podr\u00edan ser peque\u00f1as tortugas colgantes, mientras que el dije podr\u00eda tener una tortuga en relieve o estilizada. Ambos estar\u00edan hechos de plata esterlina de alta calidad, ofreciendo un conjunto encantador y coordinado con el tema de las tortugas.<\/p>\n","protected":false},"excerpt":{"rendered":"<p>Un juego de plata 925 de tortugas generalmente incluir\u00eda aretes y un dije. Los aretes podr\u00edan ser peque\u00f1as tortugas colgantes,\u2026<\/p>\n","protected":false},"featured_media":382,"template":"","meta":{"om_disable_all_campaigns":false,"_monsterinsights_skip_tracking":false,"_monsterinsights_sitenote_active":false,"_monsterinsights_sitenote_note":"","_monsterinsights_sitenote_category":0,"_vp_format_video_url":"","_vp_image_focal_point":[]},"product_brand":[],"product_cat":[87],"product_tag":[362,364,283,363],"class_list":{"0":"post-379","1":"product","2":"type-product","3":"status-publish","4":"has-post-thumbnail","6":"product_cat-juego","7":"product_tag-juego-de-plata","8":"product_tag-marino","9":"product_tag-plata-925","10":"product_tag-tortugas","12":"first","13":"instock","14":"taxable","15":"shipping-taxable","16":"purchasable","17":"product-type-simple"},"aioseo_notices":[],"jetpack_sharing_enabled":true,"_links":{"self":[{"href":"https:\/\/klahr.online\/index.php\/wp-json\/wp\/v2\/product\/379","targetHints":{"allow":["GET"]}}],"collection":[{"href":"https:\/\/klahr.online\/index.php\/wp-json\/wp\/v2\/product"}],"about":[{"href":"https:\/\/klahr.online\/index.php\/wp-json\/wp\/v2\/types\/product"}],"wp:featuredmedia":[{"embeddable":true,"href":"https:\/\/klahr.online\/index.php\/wp-json\/wp\/v2\/media\/382"}],"wp:attachment":[{"href":"https:\/\/klahr.online\/index.php\/wp-json\/wp\/v2\/media?parent=379"}],"wp:term":[{"taxonomy":"product_brand","embeddable":true,"href":"https:\/\/klahr.online\/index.php\/wp-json\/wp\/v2\/product_brand?post=379"},{"taxonomy":"product_cat","embeddable":true,"href":"https:\/\/klahr.online\/index.php\/wp-json\/wp\/v2\/product_cat?post=379"},{"taxonomy":"product_tag","embeddable":true,"href":"https:\/\/klahr.online\/index.php\/wp-json\/wp\/v2\/product_tag?post=379"}],"curies":[{"name":"wp","href":"https:\/\/api.w.org\/{rel}","templated":true}]}}