{"id":456,"date":"2023-05-04T18:08:47","date_gmt":"2023-05-04T23:08:47","guid":{"rendered":"https:\/\/klahr.online\/?post_type=product&#038;p=456"},"modified":"2025-02-09T17:48:20","modified_gmt":"2025-02-09T23:48:20","slug":"cadena-chapa-14k-torsal-50cm-x-2mm-unisex","status":"publish","type":"product","link":"https:\/\/klahr.online\/index.php\/producto\/cadena-chapa-14k-torsal-50cm-x-2mm-unisex\/","title":{"rendered":"Cadena Chapa 14k Torsal Unisex"},"content":{"rendered":"<p>Cadena Chapa 14k Torsal 50cm X 2mm Unisex<\/p>\n","protected":false},"excerpt":{"rendered":"<p>Sum\u00e9rgete en el refinamiento con nuestra cadena Torsal de chapa de oro 14k, una joya de 50 cm y 2 mm de ancho dise\u00f1ada para ambos g\u00e9neros. Esta cadena unisex combina la durabilidad del oro de 14 quilates con el distintivo estilo torsal, creando una pieza que destaca por su elegancia y sofisticaci\u00f3n.<\/p>\n","protected":false},"featured_media":457,"template":"","meta":{"om_disable_all_campaigns":false,"_monsterinsights_skip_tracking":false,"_monsterinsights_sitenote_active":false,"_monsterinsights_sitenote_note":"","_monsterinsights_sitenote_category":0,"_vp_format_video_url":"","_vp_image_focal_point":[]},"product_brand":[],"product_cat":[83],"product_tag":[268,272],"class_list":{"0":"post-456","1":"product","2":"type-product","3":"status-publish","4":"has-post-thumbnail","6":"product_cat-cadena","7":"product_tag-oro-de-14-quilates","8":"product_tag-tendencia-singapur","10":"first","11":"instock","12":"taxable","13":"shipping-taxable","14":"purchasable","15":"product-type-simple"},"aioseo_notices":[],"jetpack_sharing_enabled":true,"_links":{"self":[{"href":"https:\/\/klahr.online\/index.php\/wp-json\/wp\/v2\/product\/456","targetHints":{"allow":["GET"]}}],"collection":[{"href":"https:\/\/klahr.online\/index.php\/wp-json\/wp\/v2\/product"}],"about":[{"href":"https:\/\/klahr.online\/index.php\/wp-json\/wp\/v2\/types\/product"}],"wp:featuredmedia":[{"embeddable":true,"href":"https:\/\/klahr.online\/index.php\/wp-json\/wp\/v2\/media\/457"}],"wp:attachment":[{"href":"https:\/\/klahr.online\/index.php\/wp-json\/wp\/v2\/media?parent=456"}],"wp:term":[{"taxonomy":"product_brand","embeddable":true,"href":"https:\/\/klahr.online\/index.php\/wp-json\/wp\/v2\/product_brand?post=456"},{"taxonomy":"product_cat","embeddable":true,"href":"https:\/\/klahr.online\/index.php\/wp-json\/wp\/v2\/product_cat?post=456"},{"taxonomy":"product_tag","embeddable":true,"href":"https:\/\/klahr.online\/index.php\/wp-json\/wp\/v2\/product_tag?post=456"}],"curies":[{"name":"wp","href":"https:\/\/api.w.org\/{rel}","templated":true}]}}