{"id":509,"date":"2023-05-08T08:51:06","date_gmt":"2023-05-08T14:51:06","guid":{"rendered":"https:\/\/klahr.online\/?post_type=product&#038;p=509"},"modified":"2025-02-09T17:48:20","modified_gmt":"2025-02-09T23:48:20","slug":"argolla-matromonio-10k-tres-tonos","status":"publish","type":"product","link":"https:\/\/klahr.online\/index.php\/producto\/argolla-matromonio-10k-tres-tonos\/","title":{"rendered":"Argolla matromonio 10k tres tonos"},"content":{"rendered":"<p>Descubre la elegancia atemporal de nuestra argolla de matrimonio 10k con tres colores. Fabricada con exquisito oro de 10 quilates, esta joya refleja la duradera calidad y el compromiso \u00fanico de tu uni\u00f3n. Los rombos intrincadamente tallados a\u00f1aden un toque distintivo y sofisticado, capturando la luz de manera \u00fanica para un brillo excepcional.<\/p>\n<p>&nbsp;<\/p>\n<p>***NOTA: El precio var\u00eda dependiendo el peso de la pieza, has tu reserva y recibe tu cotizaci\u00f3n final.<\/p>\n","protected":false},"excerpt":{"rendered":"<p>Descubre la elegancia atemporal de nuestra argolla de matrimonio 10k con tres colores. Fabricada con exquisito oro de 10 quilates, esta joya refleja la duradera calidad y el compromiso \u00fanico de tu uni\u00f3n.<\/p>\n<p>***NOTA: El precio var\u00eda dependiendo el peso de la pieza, has tu reserva y recibe tu cotizaci\u00f3n final.<\/p>\n","protected":false},"featured_media":724,"template":"","meta":{"om_disable_all_campaigns":false,"_monsterinsights_skip_tracking":false,"_monsterinsights_sitenote_active":false,"_monsterinsights_sitenote_note":"","_monsterinsights_sitenote_category":0,"_vp_format_video_url":"","_vp_image_focal_point":[]},"product_brand":[],"product_cat":[105],"product_tag":[186,182,181,189,207,209,197,199,201,206,196,177,193,200,178,192,190,205],"class_list":{"0":"post-509","1":"product","2":"type-product","3":"status-publish","4":"has-post-thumbnail","6":"product_cat-argollas","7":"product_tag-distincion","8":"product_tag-duradero","9":"product_tag-elegante","10":"product_tag-estilo-contemporaneo","11":"product_tag-joya-en-linea","12":"product_tag-joyeria-en-linea-mexico","13":"product_tag-joyeria-fina","14":"product_tag-joyeria-personalizada","15":"product_tag-lujo","16":"product_tag-mexico","17":"product_tag-moda-nupcial","18":"product_tag-oro","19":"product_tag-pieza-unica","20":"product_tag-regalo-especial","21":"product_tag-rombos","22":"product_tag-simbolo","23":"product_tag-union-eterna","24":"product_tag-venta-en-linea","26":"first","27":"instock","28":"taxable","29":"shipping-taxable","30":"purchasable","31":"product-type-simple"},"aioseo_notices":[],"jetpack_sharing_enabled":true,"_links":{"self":[{"href":"https:\/\/klahr.online\/index.php\/wp-json\/wp\/v2\/product\/509","targetHints":{"allow":["GET"]}}],"collection":[{"href":"https:\/\/klahr.online\/index.php\/wp-json\/wp\/v2\/product"}],"about":[{"href":"https:\/\/klahr.online\/index.php\/wp-json\/wp\/v2\/types\/product"}],"wp:featuredmedia":[{"embeddable":true,"href":"https:\/\/klahr.online\/index.php\/wp-json\/wp\/v2\/media\/724"}],"wp:attachment":[{"href":"https:\/\/klahr.online\/index.php\/wp-json\/wp\/v2\/media?parent=509"}],"wp:term":[{"taxonomy":"product_brand","embeddable":true,"href":"https:\/\/klahr.online\/index.php\/wp-json\/wp\/v2\/product_brand?post=509"},{"taxonomy":"product_cat","embeddable":true,"href":"https:\/\/klahr.online\/index.php\/wp-json\/wp\/v2\/product_cat?post=509"},{"taxonomy":"product_tag","embeddable":true,"href":"https:\/\/klahr.online\/index.php\/wp-json\/wp\/v2\/product_tag?post=509"}],"curies":[{"name":"wp","href":"https:\/\/api.w.org\/{rel}","templated":true}]}}