{"id":512,"date":"2023-05-08T08:54:27","date_gmt":"2023-05-08T14:54:27","guid":{"rendered":"https:\/\/klahr.online\/?post_type=product&#038;p=512"},"modified":"2025-02-09T17:48:20","modified_gmt":"2025-02-09T23:48:20","slug":"argolla-matromonio-10k-estrella","status":"publish","type":"product","link":"https:\/\/klahr.online\/index.php\/producto\/argolla-matromonio-10k-estrella\/","title":{"rendered":"Argolla matromonio 10k estrella"},"content":{"rendered":"<p>Descubre la elegancia atemporal de nuestra argolla de matrimonio 10k con un cautivador dise\u00f1o de estrella. Fabricada con exquisito oro de 10 quilates, esta joya refleja la duradera calidad y el compromiso \u00fanico de tu uni\u00f3n.<\/p>\n","protected":false},"excerpt":{"rendered":"<p>Argolla matromonio 10k estrella.\u00a0 Fabricada con exquisito oro de 10 quilates, esta joya refleja la duradera calidad y el compromiso \u00fanico de tu uni\u00f3n.<\/p>\n","protected":false},"featured_media":1079,"template":"","meta":{"om_disable_all_campaigns":false,"_monsterinsights_skip_tracking":false,"_monsterinsights_sitenote_active":false,"_monsterinsights_sitenote_note":"","_monsterinsights_sitenote_category":0,"_vp_format_video_url":"","_vp_image_focal_point":[]},"product_brand":[],"product_cat":[105],"product_tag":[186,182,181,189,214,207,209,197,199,201,206,196,177,203,193,200,178,192,190,205],"class_list":{"0":"post-512","1":"product","2":"type-product","3":"status-publish","4":"has-post-thumbnail","6":"product_cat-argollas","7":"product_tag-distincion","8":"product_tag-duradero","9":"product_tag-elegante","10":"product_tag-estilo-contemporaneo","11":"product_tag-estrella","12":"product_tag-joya-en-linea","13":"product_tag-joyeria-en-linea-mexico","14":"product_tag-joyeria-fina","15":"product_tag-joyeria-personalizada","16":"product_tag-lujo","17":"product_tag-mexico","18":"product_tag-moda-nupcial","19":"product_tag-oro","20":"product_tag-oro-10k","21":"product_tag-pieza-unica","22":"product_tag-regalo-especial","23":"product_tag-rombos","24":"product_tag-simbolo","25":"product_tag-union-eterna","26":"product_tag-venta-en-linea","28":"first","29":"instock","30":"taxable","31":"shipping-taxable","32":"purchasable","33":"product-type-simple"},"aioseo_notices":[],"jetpack_sharing_enabled":true,"_links":{"self":[{"href":"https:\/\/klahr.online\/index.php\/wp-json\/wp\/v2\/product\/512","targetHints":{"allow":["GET"]}}],"collection":[{"href":"https:\/\/klahr.online\/index.php\/wp-json\/wp\/v2\/product"}],"about":[{"href":"https:\/\/klahr.online\/index.php\/wp-json\/wp\/v2\/types\/product"}],"wp:featuredmedia":[{"embeddable":true,"href":"https:\/\/klahr.online\/index.php\/wp-json\/wp\/v2\/media\/1079"}],"wp:attachment":[{"href":"https:\/\/klahr.online\/index.php\/wp-json\/wp\/v2\/media?parent=512"}],"wp:term":[{"taxonomy":"product_brand","embeddable":true,"href":"https:\/\/klahr.online\/index.php\/wp-json\/wp\/v2\/product_brand?post=512"},{"taxonomy":"product_cat","embeddable":true,"href":"https:\/\/klahr.online\/index.php\/wp-json\/wp\/v2\/product_cat?post=512"},{"taxonomy":"product_tag","embeddable":true,"href":"https:\/\/klahr.online\/index.php\/wp-json\/wp\/v2\/product_tag?post=512"}],"curies":[{"name":"wp","href":"https:\/\/api.w.org\/{rel}","templated":true}]}}