{"id":518,"date":"2023-05-08T10:23:20","date_gmt":"2023-05-08T16:23:20","guid":{"rendered":"https:\/\/klahr.online\/?post_type=product&#038;p=518"},"modified":"2025-02-09T17:48:21","modified_gmt":"2025-02-09T23:48:21","slug":"argolla-de-matrimonio-10k-rombos","status":"publish","type":"product","link":"https:\/\/klahr.online\/index.php\/producto\/argolla-de-matrimonio-10k-rombos\/","title":{"rendered":"Argolla de matrimonio 10k rombos"},"content":{"rendered":"<p>Argolla de matrimonio 10k rombos.<\/p>\n<p>***NOTA: El precio var\u00eda dependiendo el peso de la pieza, has tu reserva y recibe tu cotizaci\u00f3n final.<\/p>\n","protected":false},"excerpt":{"rendered":"<p>Argolla de matrimonio 10k rombos. Descubre la elegancia atemporal de nuestra argolla de matrimonio 10k con un cautivador dise\u00f1o de rombos. Fabricada con exquisito oro de 10 quilates, esta joya refleja la duradera calidad y el compromiso \u00fanico de tu uni\u00f3n.<\/p>\n","protected":false},"featured_media":715,"template":"","meta":{"om_disable_all_campaigns":false,"_monsterinsights_skip_tracking":false,"_monsterinsights_sitenote_active":false,"_monsterinsights_sitenote_note":"","_monsterinsights_sitenote_category":0,"_vp_format_video_url":"","_vp_image_focal_point":[]},"product_brand":[],"product_cat":[105],"product_tag":[186,182,181,189,180,194,197,199,201,195,196,177,203,193,200,178,192,190],"class_list":{"0":"post-518","1":"product","2":"type-product","3":"status-publish","4":"has-post-thumbnail","6":"product_cat-argollas","7":"product_tag-distincion","8":"product_tag-duradero","9":"product_tag-elegante","10":"product_tag-estilo-contemporaneo","11":"product_tag-joya","12":"product_tag-joyeria","13":"product_tag-joyeria-fina","14":"product_tag-joyeria-personalizada","15":"product_tag-lujo","16":"product_tag-matrimonio","17":"product_tag-moda-nupcial","18":"product_tag-oro","19":"product_tag-oro-10k","20":"product_tag-pieza-unica","21":"product_tag-regalo-especial","22":"product_tag-rombos","23":"product_tag-simbolo","24":"product_tag-union-eterna","26":"first","27":"instock","28":"taxable","29":"shipping-taxable","30":"purchasable","31":"product-type-simple"},"aioseo_notices":[],"jetpack_sharing_enabled":true,"_links":{"self":[{"href":"https:\/\/klahr.online\/index.php\/wp-json\/wp\/v2\/product\/518","targetHints":{"allow":["GET"]}}],"collection":[{"href":"https:\/\/klahr.online\/index.php\/wp-json\/wp\/v2\/product"}],"about":[{"href":"https:\/\/klahr.online\/index.php\/wp-json\/wp\/v2\/types\/product"}],"wp:featuredmedia":[{"embeddable":true,"href":"https:\/\/klahr.online\/index.php\/wp-json\/wp\/v2\/media\/715"}],"wp:attachment":[{"href":"https:\/\/klahr.online\/index.php\/wp-json\/wp\/v2\/media?parent=518"}],"wp:term":[{"taxonomy":"product_brand","embeddable":true,"href":"https:\/\/klahr.online\/index.php\/wp-json\/wp\/v2\/product_brand?post=518"},{"taxonomy":"product_cat","embeddable":true,"href":"https:\/\/klahr.online\/index.php\/wp-json\/wp\/v2\/product_cat?post=518"},{"taxonomy":"product_tag","embeddable":true,"href":"https:\/\/klahr.online\/index.php\/wp-json\/wp\/v2\/product_tag?post=518"}],"curies":[{"name":"wp","href":"https:\/\/api.w.org\/{rel}","templated":true}]}}